{"id":143,"date":"2022-03-28T23:25:19","date_gmt":"2022-03-28T23:25:19","guid":{"rendered":"https:\/\/indeca.com.br\/?page_id=143"},"modified":"2022-05-06T20:21:28","modified_gmt":"2022-05-06T20:21:28","slug":"landpage","status":"publish","type":"page","link":"https:\/\/indeca.com.br\/","title":{"rendered":"Landpage"},"content":{"rendered":"<style>\/*! elementor - v3.6.1 - 23-03-2022 *\/\n.elementor-widget-image{text-align:center}.elementor-widget-image a{display:inline-block}.elementor-widget-image a img[src$=\".svg\"]{width:48px}.elementor-widget-image img{vertical-align:middle;display:inline-block}<\/style>\n<p>\t\t\t\t\t\t\t\t\t\t\t\t<img decoding=\"async\" width=\"434\" height=\"169\" src=\"https:\/\/indeca.com.br\/wp-content\/uploads\/2022\/03\/logo-indeca.png\" alt=\"\" loading=\"lazy\" srcset=\"https:\/\/indeca.com.br\/wp-content\/uploads\/2022\/03\/logo-indeca.png 434w, https:\/\/indeca.com.br\/wp-content\/uploads\/2022\/03\/logo-indeca-300x117.png 300w\" sizes=\"auto, 100vw\" \/>\t\t\t\t\t\t\t\t\t\t\t\t\t\t\t<\/p>\n<style>\/*! elementor - v3.6.1 - 23-03-2022 *\/\n.elementor-heading-title{padding:0;margin:0;line-height:1}.elementor-widget-heading .elementor-heading-title[class*=elementor-size-]>a{color:inherit;font-size:inherit;line-height:inherit}.elementor-widget-heading .elementor-heading-title.elementor-size-small{font-size:15px}.elementor-widget-heading .elementor-heading-title.elementor-size-medium{font-size:19px}.elementor-widget-heading .elementor-heading-title.elementor-size-large{font-size:29px}.elementor-widget-heading .elementor-heading-title.elementor-size-xl{font-size:39px}.elementor-widget-heading .elementor-heading-title.elementor-size-xxl{font-size:59px}<\/style>\n<h2><a href=\"#SobreaIndeca\">Sobre a indeca<\/a><\/h2>\n<p>\u00a0 \u00a0 \u00a0 \u00a0 \u00a0 Indeca uma empresa Brasileira que est\u00e1 consolidada no mercado de cacau desde 1969. Consagrada pela excel\u00eancia na qualidade de seus produtos e em sua experi\u00eancia de atua\u00e7\u00e3o no ramo de moagem, beneficiamento e industrializa\u00e7\u00e3o de am\u00eandoas de cacau. Conta com a parceria de fornecedores selecionados, tecnologia, capital intelectual, processos e procedimentos alinhados com os melhores conceitos de seguran\u00e7a de alimentos. Busca continuamente a melhoria e desenvolvimento de seus produtos para atender os mais diversificados padr\u00f5es de especifica\u00e7\u00f5es exigidos por clientes.\u00a0<\/p>\n<p>\u00a0 \u00a0 \u00a0 \u00a0 \u00a0 A Indeca conquistou os mais diversos clientes, atrav\u00e9s do fornecimento de seus produtos com qualidade e seguran\u00e7a demonstrando contabilidade, credibilidade e compromisso. Refor\u00e7ando sempre a preocupa\u00e7\u00e3o com sua tradi\u00e7\u00e3o, na busca pela excel\u00eancia e qualidade no fornecimento de alimentos seguros e principalmente para com seus clientes.<\/p>\n<p>Refor\u00e7ando sempre a preocupa\u00e7\u00e3o com sua tradi\u00e7\u00e3o, na busca pela excel\u00eancia e qualidade no fornecimento de alimentos seguros e principalmente para com seus clientes.<\/p>\n<p>\t\t\t<!DOCTYPE html><br \/>\n<html lang=\"en\"><br \/>\n  <head><br \/>\n    <meta charset=\"UTF-8\" \/><br \/>\n    <meta http-equiv=\"X-UA-Compatible\" content=\"IE=edge\" \/><br \/>\n    <meta name=\"viewport\" content=\"width=device-width, initial-scale=1.0\" \/><br \/>\n    <title>Document<\/title>\n    <link rel=\"stylesheet\" href=\"style.css\" \/>\n  <\/head><br \/>\n  <body><\/p>\n<section>\n<h1>Miss\u00e3o<\/h1>\n<ul>\n<li>Oferecer excel\u00eancia de qualidade e <\/li>\n<li>seguran\u00e7a no processamento de am\u00eandoas de cacau.<\/li>\n<li>Presta\u00e7\u00e3o de servi\u00e7os de industrializa\u00e7\u00e3o<\/li>\n<\/ul>\n<\/section>\n<p>  <\/body><br \/>\n<\/html><br \/>\n\t\t\t<!DOCTYPE html><br \/>\n<html lang=\"en\"><br \/>\n  <head><br \/>\n    <meta charset=\"UTF-8\" \/><br \/>\n    <meta http-equiv=\"X-UA-Compatible\" content=\"IE=edge\" \/><br \/>\n    <meta name=\"viewport\" content=\"width=device-width, initial-scale=1.0\" \/><br \/>\n    <title>Document<\/title>\n    <link rel=\"stylesheet\" href=\"style.css\" \/>\n  <\/head><br \/>\n  <body><\/p>\n<section>\n<h1>Vis\u00e3o<\/h1>\n<ul>\n<li>Ser reconhecida mundialmente pela qualidade e seguran\u00e7a em nossos produtos e servi\u00e7os.<\/li>\n<\/ul>\n<\/section>\n<p>  <\/body><br \/>\n<\/html><br \/>\n\t\t\t<!DOCTYPE html><br \/>\n<html lang=\"en\"><br \/>\n  <head><br \/>\n    <meta charset=\"UTF-8\" \/><br \/>\n    <meta http-equiv=\"X-UA-Compatible\" content=\"IE=edge\" \/><br \/>\n    <meta name=\"viewport\" content=\"width=device-width, initial-scale=1.0\" \/><br \/>\n    <title>Document<\/title>\n    <link rel=\"stylesheet\" href=\"style.css\" \/>\n  <\/head><br \/>\n  <body><\/p>\n<section>\n<h1>Valores<\/h1>\n<ul>\n<li>Valoriza\u00e7\u00e3o das pessoas que fazem a nossa empresa. Qualidade e seguran\u00e7a nos nossos produtos e servi\u00e7os.<\/li>\n<li>Fazer a diferen\u00e7a.<\/li>\n<li>Crescer e evoluir sempre.<\/li>\n<\/ul>\n<\/section>\n<p>  <\/body><br \/>\n<\/html><\/p>\n<h2><a href=\"#CURIOSIDADEDOCACAU%20\">Curiosidades sobre o Cacau<\/a><\/h2>\n<p>\t\t<iframe loading=\"lazy\" title=\"Indeca   Audio Pt1\" width=\"525\" height=\"394\" src=\"https:\/\/www.youtube.com\/embed\/acH6pTJzTyQ?feature=oembed\" frameborder=\"0\" allow=\"accelerometer; autoplay; clipboard-write; encrypted-media; gyroscope; picture-in-picture; web-share\" referrerpolicy=\"strict-origin-when-cross-origin\" allowfullscreen><\/iframe>\t\t<\/p>\n<style>\/*! elementor - v3.6.1 - 23-03-2022 *\/\n.elementor-accordion{text-align:left}.elementor-accordion .elementor-accordion-item{border:1px solid #d4d4d4}.elementor-accordion .elementor-accordion-item+.elementor-accordion-item{border-top:none}.elementor-accordion .elementor-tab-title{margin:0;padding:15px 20px;font-weight:700;line-height:1;cursor:pointer;outline:none}.elementor-accordion .elementor-tab-title .elementor-accordion-icon{display:inline-block;width:1.5em}.elementor-accordion .elementor-tab-title .elementor-accordion-icon svg{width:1em;height:1em}.elementor-accordion .elementor-tab-title .elementor-accordion-icon.elementor-accordion-icon-right{float:right;text-align:right}.elementor-accordion .elementor-tab-title .elementor-accordion-icon.elementor-accordion-icon-left{float:left;text-align:left}.elementor-accordion .elementor-tab-title .elementor-accordion-icon .elementor-accordion-icon-closed{display:block}.elementor-accordion .elementor-tab-title .elementor-accordion-icon .elementor-accordion-icon-opened,.elementor-accordion .elementor-tab-title.elementor-active .elementor-accordion-icon-closed{display:none}.elementor-accordion .elementor-tab-title.elementor-active .elementor-accordion-icon-opened{display:block}.elementor-accordion .elementor-tab-content{display:none;padding:15px 20px;border-top:1px solid #d4d4d4}@media (max-width:767px){.elementor-accordion .elementor-tab-title{padding:12px 15px}.elementor-accordion .elementor-tab-title .elementor-accordion-icon{width:1.2em}.elementor-accordion .elementor-tab-content{padding:7px 15px}}<\/style>\n<p>\t\t\t\t\t\t\t\t\t\t\t\t<a href=\"\">Processo de beneciamento das am\u00eandoas de cacau<\/a><\/p>\n<p>\u00a0 \u00a0 \u00a0 \u00a0 \u00a0 O processo de obten\u00e7\u00e3o de qualidade das am\u00eandoas de cacau come\u00e7a na lavoura, desde sua planta\u00e7\u00e3o, na escolha do ambiente, no acompanhamento de seu crescimento na pr\u00e1tica correta de colheita, na extra\u00e7\u00e3o da semente do fruto, em sua fermenta\u00e7\u00e3o e secagem, acondicionamento e meio de transporte at\u00e9 a entrega das am\u00eandoas na Indeca.<\/p>\n<p>\t\t\t\t\t\t\t\t\t\t\t\t<a href=\"\">Recebimento e Limpeza das Am\u00eandoas<\/a><\/p>\n<p>\u00a0 \u00a0 \u00a0 \u00a0 \u00a0 Quando as am\u00eandoas chegam \u00e0 Indeca \u00e9 realizada a classifica\u00e7\u00e3o, amostragem do lote e an\u00e1lise pelo Controle de Qualidade afim de confirmar seu padr\u00e3o de qualidade. Ap\u00f3s inicia-se o processo de Limpeza das am\u00eandoas atrav\u00e9s de peneiras vibrat\u00f3rias, que retiram as impurezas, tais como fiapos das sacas, pedrinhas, peda\u00e7os do fruto, entre outros. Quando limpas s\u00e3o direcionadas para a etapa de torrefa\u00e7\u00e3o.<\/p>\n<p>\t\t\t\t\t\t\t\t\t\t\t\t<a href=\"\">Torrefa\u00e7\u00e3o das Am\u00eandoas<\/a><\/p>\n<p>\u00a0 \u00a0 \u00a0 \u00a0 \u00a0 Nessa etapa as am\u00eandoas passam por um processo de aquecimento para que sejam torradas e ap\u00f3s pelo processo de resfriamento r\u00e1pido evitando sua queima interna. A etapa de torrefa\u00e7\u00e3o tem por objetivo principal o desenvolvimento do \u201cfavor\u201d e de facilitar a retirada das cascas das am\u00eandoas torradas.<\/p>\n<p>\t\t\t\t\t\t\t\t\t\t\t\t<a href=\"\">Descascamento das Am\u00eandoas<\/a><\/p>\n<p>\u00a0 \u00a0 \u00a0 \u00a0 \u00a0 O processo de descascamento \u00e9 realizado atrav\u00e9s de peneiras vibrat\u00f3rias, sistema de ventila\u00e7\u00e3o e quebradores para a retirada das cascas das am\u00eandoas torradas. Ao final desse processo, obt\u00eam-se o NIBS, que \u00e9 a am\u00eandoa de cacau torrada, quebrada e sem casca.<\/p>\n<p>\t\t\t\t\t\t\t\t\t\t\t\t<a href=\"\">Pr\u00e9 Moagem do NIBS<\/a><\/p>\n<p>\u00a0 \u00a0 \u00a0 \u00a0 \u00a0 O NIBS ser\u00e1 pr\u00e9-mo\u00eddo atrav\u00e9s de moinhos de pinos para que se transforme em massa de cacau pr\u00e9-mo\u00edda.<\/p>\n<p>\t\t\t\t\t\t\t\t\t\t\t\t<a href=\"\">Tratamento T\u00e9rmico e Reno da massa de cacau<\/a><\/p>\n<p>\u00a0 \u00a0 \u00a0 \u00a0 \u00a0 A massa de cacau pr\u00e9-mo\u00edda passar\u00e1 pelo tratamento t\u00e9rmico e ap\u00f3s ser\u00e1 refinada, podendo ela ser expedida na forma em que se encontra ou ser encaminhada para um dos processos:<br \/>Prensagem para extra\u00e7\u00e3o da manteiga e torta de cacau ou Resfriada para envase na forma de kibllets.<\/p>\n<p>\t\t\t\t\t\t\t\t\t\t\t\t<a href=\"\">Prensagem da massa de cacau<\/a><\/p>\n<p>\u00a0 \u00a0 \u00a0 \u00a0 \u00a0 O processo de prensagem \u00e9 realizado atrav\u00e9s de sistema hidr\u00e1ulico, que far\u00e1 com que a massa de cacau refinada seja transformada em manteiga de cacau liquida e torta de cacau s\u00f3lida.<\/p>\n<p>\u00a0 \u00a0 \u00a0 \u00a0 \u00a0 A manteiga se cacau ser\u00e1 direcionada para o processo de desodoriza\u00e7\u00e3o, podendo ela ser natural ou desodorizada de acordo com a necessidade do cliente. A manteiga liquida poder\u00e1 ser expedida a granel em caminh\u00f5es tanques ou ser expedida no estado s\u00f3lido em blocos de 25 Kg.<\/p>\n<p>\u00a0 \u00a0 \u00a0 \u00a0 \u00a0 A torta de cacau poder\u00e1 ser expedida na forma em que se encontra ou ser direcionada para o processo de obten\u00e7\u00e3o dos P\u00f3s de Cacau, que podem ser expedidos em big-bags ou em sacos de 25 Kg.<\/p>\n<p>\u00a0 \u00a0 \u00a0 \u00a0 \u00a0 Em todas as etapas de processo, s\u00e3o aplicados rigorosos controles de qualidade para garantir que a seguran\u00e7a, as especifica\u00e7\u00f5es e requisitos sejam cumpridos. Que tais s\u00e3o documentados e implementados atrav\u00e9s do Sistema de Gest\u00e3o e do APPCC (An\u00e1lise de Perigos e Pontos Cr\u00edticos de Controle) possibilitando a rastreabilidade do produto desde a mat\u00e9ria-prima ao cliente.<\/p>\n<h2>Produtos<\/h2>\n<p>\t\t\t<!DOCTYPE html><br \/>\n<html lang=\"en\"><br \/>\n  <head><br \/>\n    <meta charset=\"UTF-8\" \/><br \/>\n    <meta http-equiv=\"X-UA-Compatible\" content=\"IE=edge\" \/><br \/>\n    <meta name=\"viewport\" content=\"width=device-width, initial-scale=1.0\" \/><br \/>\n    <title>Document<\/title>\n    <link rel=\"stylesheet\" href=\"style.css\" \/>\n  <\/head><br \/>\n  <body><\/p>\n<section>\n<h1>Massa de Cacau<\/h1>\n<p>          <img decoding=\"async\" src=\" https:\/\/indeca.com.br\/wp-content\/uploads\/2022\/03\/chocolate.png\"\/><br \/>\n      <\/section>\n<p>  <\/body><br \/>\n<\/html><br \/>\n\t\t\t<!DOCTYPE html><br \/>\n<html lang=\"en\"><br \/>\n  <head><br \/>\n    <meta charset=\"UTF-8\" \/><br \/>\n    <meta http-equiv=\"X-UA-Compatible\" content=\"IE=edge\" \/><br \/>\n    <meta name=\"viewport\" content=\"width=device-width, initial-scale=1.0\" \/><br \/>\n    <title>Document<\/title>\n    <link rel=\"stylesheet\" href=\"style.css\" \/>\n  <\/head><br \/>\n  <body><\/p>\n<section>\n<h1>Torta<\/h1>\n<p>          <img decoding=\"async\" src=\"https:\/\/indeca.com.br\/wp-content\/uploads\/2022\/03\/torta.png\"\/><br \/>\n      <\/section>\n<p>  <\/body><br \/>\n<\/html><br \/>\n\t\t\t<!DOCTYPE html><br \/>\n<html lang=\"en\"><br \/>\n  <head><br \/>\n    <meta charset=\"UTF-8\" \/><br \/>\n    <meta http-equiv=\"X-UA-Compatible\" content=\"IE=edge\" \/><br \/>\n    <meta name=\"viewport\" content=\"width=device-width, initial-scale=1.0\" \/><br \/>\n    <title>Document<\/title>\n    <link rel=\"stylesheet\" href=\"style.css\" \/>\n  <\/head><br \/>\n  <body><\/p>\n<section>\n<h1>Manteiga<\/h1>\n<p>          <img decoding=\"async\" src=\"https:\/\/indeca.com.br\/wp-content\/uploads\/2022\/03\/manteiga-1.png\"\/><br \/>\n      <\/section>\n<p>  <\/body><br \/>\n<\/html><br \/>\n\t\t\t<!DOCTYPE html><br \/>\n<html lang=\"en\"><br \/>\n  <head><br \/>\n    <meta charset=\"UTF-8\" \/><br \/>\n    <meta http-equiv=\"X-UA-Compatible\" content=\"IE=edge\" \/><br \/>\n    <meta name=\"viewport\" content=\"width=device-width, initial-scale=1.0\" \/><br \/>\n    <title>Document<\/title>\n    <link rel=\"stylesheet\" href=\"style.css\" \/>\n  <\/head><br \/>\n  <body><\/p>\n<section>\n<h1>P\u00f3 Natural<\/h1>\n<p>          <img decoding=\"async\" src=\"https:\/\/indeca.com.br\/wp-content\/uploads\/2022\/03\/po_alcalino.png\"\/><br \/>\n      <\/section>\n<p>  <\/body><br \/>\n<\/html><br \/>\n\t\t\t<!DOCTYPE html><br \/>\n<html lang=\"en\"><br \/>\n  <head><br \/>\n    <meta charset=\"UTF-8\" \/><br \/>\n    <meta http-equiv=\"X-UA-Compatible\" content=\"IE=edge\" \/><br \/>\n    <meta name=\"viewport\" content=\"width=device-width, initial-scale=1.0\" \/><br \/>\n    <title>Document<\/title>\n    <link rel=\"stylesheet\" href=\"style.css\" \/>\n  <\/head><br \/>\n  <body><\/p>\n<section>\n<h1>P\u00f3s Alcalinos<\/h1>\n<p>          <img decoding=\"async\" src=\"https:\/\/indeca.com.br\/wp-content\/uploads\/2022\/03\/po_preto.png\"\/><br \/>\n      <\/section>\n<p>  <\/body><br \/>\n<\/html><br \/>\n\t\t\t<!DOCTYPE html><br \/>\n<html lang=\"en\"><br \/>\n  <head><br \/>\n    <meta charset=\"UTF-8\" \/><br \/>\n    <meta http-equiv=\"X-UA-Compatible\" content=\"IE=edge\" \/><br \/>\n    <meta name=\"viewport\" content=\"width=device-width, initial-scale=1.0\" \/><br \/>\n    <title>Document<\/title>\n    <link rel=\"stylesheet\" href=\"style.css\" \/>\n  <\/head><br \/>\n  <body><\/p>\n<section>\n<h1>P\u00f3 preto<\/h1>\n<p>          <img decoding=\"async\" src=\"https:\/\/indeca.com.br\/wp-content\/uploads\/2022\/03\/4p.png\"\/><br \/>\n      <\/section>\n<p>  <\/body><br \/>\n<\/html><\/p>\n<h2>Como chegar<\/h2>\n<div id=\"wpgmza_map\" class=\"wpgmza_map\" data-settings='{\"id\":\"1\",\"map_title\":\"New Map\",\"map_width\":\"100\",\"map_height\":\"400\",\"map_start_lat\":\"-23.645064373533117\",\"map_start_lng\":\"-46.84296046832322\",\"map_start_location\":\"45.950464398418106,-109.81550500000003\",\"map_start_zoom\":\"17\",\"default_marker\":\"\",\"type\":\"0\",\"alignment\":\"4\",\"directions_enabled\":\"0\",\"styling_enabled\":\"0\",\"styling_json\":\"\",\"active\":\"0\",\"kml\":\"\",\"bicycle\":\"0\",\"traffic\":\"0\",\"dbox\":\"0\",\"dbox_width\":\"\",\"listmarkers\":\"0\",\"listmarkers_advanced\":\"0\",\"filterbycat\":\"0\",\"ugm_enabled\":\"0\",\"ugm_category_enabled\":\"0\",\"fusion\":\"\",\"map_width_type\":\"%\",\"map_height_type\":\"px\",\"mass_marker_support\":\"0\",\"ugm_access\":\"0\",\"order_markers_by\":\"0\",\"order_markers_choice\":\"0\",\"show_user_location\":\"0\",\"default_to\":\"\",\"other_settings\":{\"map_type\":1,\"sl_stroke_color\":\"\",\"sl_fill_color\":\"\",\"sl_stroke_opacity\":\"\",\"sl_fill_opacity\":\"\",\"transport_layer\":false,\"action\":\"wpgmza_save_map\",\"redirect_to\":\"\\\/dev\\\/wp-admin\\\/admin-post.php\",\"map_id\":\"1\",\"http_referer\":\"\\\/dev\\\/wp-admin\\\/admin.php?page=wp-google-maps-menu&amp;amp;action=edit&amp;amp;map_id=1\",\"wpgmza_id\":\"1\",\"wpgmza_start_location\":\"-23.645064373533117,-46.84296046832322\",\"wpgmza_start_zoom\":\"17\",\"store_locator_enabled\":false,\"store_locator_search_area\":\"radial\",\"wpgmza_store_locator_radius_style\":\"legacy\",\"wpgmza_store_locator_default_radius\":\"10\",\"store_locator_auto_area_max_zoom\":\"\",\"store_locator_distance\":false,\"wpgmza_store_locator_position\":false,\"store_locator_show_distance\":false,\"store_locator_category\":false,\"wpgmza_store_locator_use_their_location\":false,\"wpgmza_store_locator_bounce\":false,\"wpgmza_sl_animation\":null,\"wpgmza_store_locator_hide_before_search\":false,\"store_locator_query_string\":\"\",\"store_locator_default_address\":\"\",\"store_locator_name_search\":false,\"store_locator_name_string\":\"\",\"store_locator_not_found_message\":\"\",\"wpgmza_map_align\":\"1\",\"jump_to_nearest_marker_on_initialization\":false,\"automatically_pan_to_users_location\":false,\"override_users_location_zoom_level\":false,\"override_users_location_zoom_levels\":\"\",\"show_distance_from_location\":false,\"map_max_zoom\":\"21\",\"map_min_zoom\":\"0\",\"click_open_link\":false,\"fit_maps_bounds_to_markers\":false,\"fit_maps_bounds_to_markers_after_filtering\":false,\"hide_point_of_interest\":false,\"wpgmza_zoom_on_marker_click\":false,\"wpgmza_zoom_on_marker_click_slider\":\"\",\"close_infowindow_on_map_click\":false,\"disable_lightbox_images\":false,\"use_Raw_Jpeg_Coordinates\":false,\"disable_polygon_info_windows\":false,\"enable_marker_ratings\":false,\"only_load_markers_within_viewport\":false,\"iw_primary_color\":\"#000000\",\"iw_accent_color\":\"#000000\",\"iw_text_color\":\"#000000\",\"wpgmza_listmarkers_by\":\"0\",\"wpgmza_marker_listing_position\":false,\"zoom_level_on_marker_listing_override\":false,\"zoom_level_on_marker_listing_click\":\"\",\"datatable_no_result_message\":\"\",\"remove_search_box_datables\":false,\"dataTable_pagination_style\":null,\"datatable_search_string\":\"\",\"datatable_result_start\":\"\",\"datatable_result_of\":\"\",\"datatable_result_to\":\"\",\"datatable_result_total\":\"\",\"datatable_result_show\":\"\",\"datatable_result_entries\":\"\",\"wpgmza_savemap\":\"Salvar o Mapa \\u00bb\"}}' data-map-id='1' Data-maps-engine='open-layers' data-shortcode-attributes='{\"id\":\"1\"}' style=\"display:block; overflow:auto; width:100%; height:400px; float:left;\"><\/div>\n<h2>Contato<\/h2>\n<div class=\"wpforms-container wpforms-container-full\" id=\"wpforms-181\"><form id=\"wpforms-form-181\" class=\"wpforms-validate wpforms-form wpforms-ajax-form\" data-formid=\"181\" method=\"post\" enctype=\"multipart\/form-data\" action=\"\/index.php?rest_route=%2Fwp%2Fv2%2Fpages%2F143\" data-token=\"7a9092aeced565d3dbfbb03b9ad8d40a\" data-token-time=\"1778109662\"><noscript class=\"wpforms-error-noscript\">Ative o JavaScript no seu navegador para preencher este formul\u00e1rio.<\/noscript><div class=\"wpforms-field-container\"><div id=\"wpforms-181-field_0-container\" class=\"wpforms-field wpforms-field-name\" data-field-id=\"0\"><label class=\"wpforms-field-label\" for=\"wpforms-181-field_0\">Nome <span class=\"wpforms-required-label\">*<\/span><\/label><input type=\"text\" id=\"wpforms-181-field_0\" class=\"wpforms-field-medium wpforms-field-required\" name=\"wpforms[fields][0]\" required><\/div><div id=\"wpforms-181-field_1-container\" class=\"wpforms-field wpforms-field-email\" data-field-id=\"1\"><label class=\"wpforms-field-label\" for=\"wpforms-181-field_1\">Email <span class=\"wpforms-required-label\">*<\/span><\/label><input type=\"email\" id=\"wpforms-181-field_1\" class=\"wpforms-field-medium wpforms-field-required\" name=\"wpforms[fields][1]\" spellcheck=\"false\" required><\/div><div id=\"wpforms-181-field_2-container\" class=\"wpforms-field wpforms-field-textarea\" data-field-id=\"2\"><label class=\"wpforms-field-label\" for=\"wpforms-181-field_2\">Mensagem <span class=\"wpforms-required-label\">*<\/span><\/label><textarea id=\"wpforms-181-field_2\" class=\"wpforms-field-medium wpforms-field-required\" name=\"wpforms[fields][2]\" required><\/textarea><\/div><\/div><!-- .wpforms-field-container --><div class=\"wpforms-submit-container\" ><input type=\"hidden\" name=\"wpforms[id]\" value=\"181\"><input type=\"hidden\" name=\"page_title\" value=\"\"><input type=\"hidden\" name=\"page_url\" value=\"https:\/\/indeca.com.br\/index.php?rest_route=\/wp\/v2\/pages\/143\"><input type=\"hidden\" name=\"url_referer\" value=\"\"><button type=\"submit\" name=\"wpforms[submit]\" id=\"wpforms-submit-181\" class=\"wpforms-submit\" data-alt-text=\"Sending...\" data-submit-text=\"Submit\" aria-live=\"assertive\" value=\"wpforms-submit\">Submit<\/button><img loading=\"lazy\" decoding=\"async\" src=\"https:\/\/indeca.com.br\/wp-content\/plugins\/wpforms-lite\/assets\/images\/submit-spin.svg\" class=\"wpforms-submit-spinner\" style=\"display: none;\" width=\"26\" height=\"26\" alt=\"Carregando\"><\/div><\/form><\/div>  <!-- .wpforms-container -->\n","protected":false},"excerpt":{"rendered":"<p>Sobre a indeca \u00a0 \u00a0 \u00a0 \u00a0 \u00a0 Indeca uma empresa Brasileira que est\u00e1 consolidada no mercado de cacau desde 1969. Consagrada pela excel\u00eancia na qualidade de seus produtos e em sua experi\u00eancia de atua\u00e7\u00e3o no ramo de moagem, beneficiamento e industrializa\u00e7\u00e3o de am\u00eandoas de cacau. Conta com a parceria de fornecedores selecionados, tecnologia, capital &hellip; <\/p>\n<p class=\"link-more\"><a href=\"https:\/\/indeca.com.br\/\" class=\"more-link\">Continue lendo<span class=\"screen-reader-text\"> &#8220;Landpage&#8221;<\/span><\/a><\/p>\n","protected":false},"author":1,"featured_media":0,"parent":0,"menu_order":0,"comment_status":"closed","ping_status":"closed","template":"elementor_canvas","meta":{"footnotes":""},"class_list":["post-143","page","type-page","status-publish","hentry"],"_links":{"self":[{"href":"https:\/\/indeca.com.br\/index.php?rest_route=\/wp\/v2\/pages\/143","targetHints":{"allow":["GET"]}}],"collection":[{"href":"https:\/\/indeca.com.br\/index.php?rest_route=\/wp\/v2\/pages"}],"about":[{"href":"https:\/\/indeca.com.br\/index.php?rest_route=\/wp\/v2\/types\/page"}],"author":[{"embeddable":true,"href":"https:\/\/indeca.com.br\/index.php?rest_route=\/wp\/v2\/users\/1"}],"replies":[{"embeddable":true,"href":"https:\/\/indeca.com.br\/index.php?rest_route=%2Fwp%2Fv2%2Fcomments&post=143"}],"version-history":[{"count":77,"href":"https:\/\/indeca.com.br\/index.php?rest_route=\/wp\/v2\/pages\/143\/revisions"}],"predecessor-version":[{"id":300,"href":"https:\/\/indeca.com.br\/index.php?rest_route=\/wp\/v2\/pages\/143\/revisions\/300"}],"wp:attachment":[{"href":"https:\/\/indeca.com.br\/index.php?rest_route=%2Fwp%2Fv2%2Fmedia&parent=143"}],"curies":[{"name":"wp","href":"https:\/\/api.w.org\/{rel}","templated":true}]}}